{"id":187,"date":"2022-07-23T18:30:47","date_gmt":"2022-07-23T16:30:47","guid":{"rendered":"https:\/\/www.aesbh.org\/en\/?page_id=187"},"modified":"2022-09-04T22:03:21","modified_gmt":"2022-09-04T20:03:21","slug":"programm-of-ii-congress","status":"publish","type":"page","link":"https:\/\/www.aesbh.org\/en\/congress\/programm-of-ii-congress\/","title":{"rendered":"Programm  of II Congress"},"content":{"rendered":"<p><strong>Final programm of II Congress of AESBH<\/strong><\/p>\n<p>For download please folow this link: <a href=\"https:\/\/aesbh2.fra1.digitaloceanspaces.com\/AESBIH-Congress-Program.pdf\">II Congress Programm<\/a><\/p>\n<p>10.09.2022 Hall 1.<\/p>\n<p>OESOPHAGEAL SURGERY<\/p>\n<p>Chairmen: Igor Gavric, Zlatan Mehmedovic, Raymond Price,<\/p>\n<p>\u2013 08:00-08:10 Minimally invasive esophagectomy, developments in the past 10 years in the Netherlands. Camiel Rosman, Netherland.<br \/>\n\u2013 08:12-08:22 Holy plane to chest for esophageal cancer. Amir Nizar, UK.<br \/>\n\u2013 08:24-08:34 Laparoscopic management of paraesophageal hiatal hernias: where do we draw the line? Valeriu Surlin, Daniel Preda, Marius Bic\u0103, Bogdan Ungureanu, Drago\u0219 M\u0103rg\u0103ritescu, Alexandru Gog\u0103n\u0103u, Mircea Ionescu, Alin P\u0103tru, Romania<br \/>\n\u2013 08:36-08:46 MiniScar Less (MSL) Laparoscopic Nissen\u2019s Fundoplication: Amir\u2019s modified repair. Amir Nizar, UK.<br \/>\n\u2013 08:48-08:58 Current and emerging therapies in gastric GIST. \u0218tefan P\u0103tra\u0219cu, Silviu Bordu, Bogdan Ungureanu, Mircea Ionescu, Valeriu \u0218urlin, Romania.<br \/>\n\u2013 09:09:-09:10 Laparoscopic Nissen\u2019s Fundoplication in Bosnia and Herzegovina. Nermin Musanovic, Bosnia and Herzegovina.<br \/>\n\u2013 09:10-09:30 Discussion<\/p>\n<p>GASTRIC SURGERY<\/p>\n<p>Chairmen: Aleksandar Karamarkovic, Dusan Lesko, Zlatan Mehmedovic<br \/>\n\u2013 09:30-09:40 D2 total, subtotal and proximal gastrectomy for gastric cancer: tecnique and results. Marco Lirici, Italy.<br \/>\n\u2013 09:42-09:52 Gastric cancer cancer: comparison of robotic vs laparoscopic vs open surgery. Orhan Alimo\u011flu, Turkey.<br \/>\n\u2013 09:54-10:04 Results of laparoscopic gastrectomies from high-volume specialized centre. Tomaz Jagric, Slovenia.<br \/>\n\u2013 10:06-10:16 Robotic (sub)total gastrectomy using da Vinci Xi platforme- experience and results of UMC Ljubljana, Primoz Sever, Slovenia.<br \/>\n\u2013 10:16-10:36 Discussion<\/p>\n<p>COLORECTAL SURGERY I<\/p>\n<p>Chairmen: Raymond Price, Milan Todorovic, Marko Zelic<\/p>\n<p>\u2013 10:36-10:46 The past, the present and the future of laparoscopic colorectal surgery. Dursun Bugra, Turkey.<br \/>\n\u2013 10:48-10:58 Laparoscopic, open, robotic and transanal TME: a comparative trial on the quality of surgical resection. Marco Lirici, Italy<br \/>\n\u2013 11:00-11:10 Indocyanine green (ICG) in laparoscopic colorectal surgery. Predrag Andrijevic, Malta.<br \/>\n\u2013 11:12-11:22 Laparoscopic colorectal complications and solutions. Emre Balik, Turkey<br \/>\n\u2013 11:24-11:34 Complication in laparoscopic resection of left colon and rectum. Enes Idrizovic, Ervin Matovic, Haris Kuralic. Bosnia and Herzegovina.<br \/>\n\u2013 11:34-11:54 Discussion<\/p>\n<p>COFFEE BREAK 12:00-12:30<\/p>\n<p>MEET-THE-EXPERT SESSION<\/p>\n<p>Chairmen: Kenan Karavdic, Ewelina Malowska, Adna Satrovic<\/p>\n<p>\u2013 12:30-12:40 The SAGES Guideline for the Diagnosis, Treatment, and Use of Laparoscopy for Surgical Problems During Pregnancy. Raymond Price, USA.<br \/>\n\u2013 12:42-12:52 New insights in gynecologic surgery. State for 2022. Ewelina Malanowska, Poland<br \/>\n\u2013 12:54-13:04 The education options in EAES. Popa Dorin, Sweden<br \/>\n\u2013 13:06-13:16 Why and how to achieve EAES UEMS MIS Diploma? Marek Soltes, Slovakia.<br \/>\n\u2013 13:16-13:26 Discussion<\/p>\n<p>COLORECTAL SURGERY II<\/p>\n<p>Chairmen: Predrag Andrijevic, Emre Balik, Adnan \u0160atrovi\u0107<\/p>\n<p>\u2013 13:30-13:40 Oncological and functional Outcomes after TaTME: Results of a Single Center. Marko Zelic, Croatia<br \/>\n\u2013 13:42-13:52 Robotic and laparoscopic method in colorectal surgery. Igor \u010cerni, Oliver Stefanovski, Slovenia<br \/>\n\u2013 13:54-14:04 Robotic colorectal programe at UMC Ljubljana, Jan Grosek, Slovenia.<br \/>\n\u2013 14:06-14:16 Right colectomy: is it difficult? Popa Dorin, Sweden.<br \/>\n\u2013 14:18-14:28 Laparoscopic colectomy for right colon cancer \u2013 D2 versus D3 lymphadenectomy. Igor Krdzic, Serbia.<br \/>\n\u2013 14:30-14:40 Video-Assisted Anal Fistula Treatment (VAAFT) for Complex Anal Fistula. Damir Karlovic, Croatia.<br \/>\n\u2013 14:42-15:15 Discussion<\/p>\n<p>LUNCH BREAK 15:00-16:00<\/p>\n<p>LIVER, PANCREAS<\/p>\n<p>Chairmen: Igor Gavric, Zoran Milosevic, Nenad Lalovic<\/p>\n<p>\u2013 16:00-16:10 Current status of laparoscopic liver resection. Ho-Seong Han, Korea.<br \/>\n\u2013 16:12-16:22 200 laparoscopic liver resections: from implementation to standard procedures. Arpad Ivanecz, Slovenia.<br \/>\n\u2013 16:24-16:34 Laparoscopic management primary and recurent liver hydatid cyst. Valeriu Surlin, Silviu Bordu, Daniel Preda, Drago\u0219 M\u0103rg\u0103ritescu, Alexandru Gog\u0103n\u0103u, Mircea Ionescu, Alin P\u0103tru 3 , Sandu R\u00e2mboiu, Daniela Marinescu, Romania.<br \/>\n\u2013 16:36-16:46 The outcome of laparoscopic pancreatoduodenectomy is improved with patient selection and the learning curve. Safi Dokmak, Be\u0301atrice Aussilhou, Fadhel Samir, Fte\u0301riche Jeanne Dembinski, Chihebeddine Romdhani, Alain Sauvanet, France.<br \/>\n\u2013 16:48:16:58 Our technique of dumping pancreaticojejunostomy after laparoscopic Wipple procedure. Gurbankhan Muslumov, Azerbaijan.<br \/>\n\u2013 17:00-17:10 Laparoscopic resection of retrocaval Schwannoma. Du\u0161an Le\u0161ko, Slovakia.<br \/>\n\u2013 17:12-17:42 Discussion<\/p>\n<p>EMERGENCY SURGERY<\/p>\n<p>Chairmen: Amila Hasic, Samir \u010custovi\u0107, Raymond Price<\/p>\n<p>\u2013 17:44-17:54 Learning curve in laparoscopic apendectomy. Ante Jerkovic, Croatia.<br \/>\n\u2013 17:56-18:06 Tissue reaction and the formation of adhesion after the use of DS clip in laparoscopic appendectomy. Amela Bajric, Mujo Sivic, Ajla Bajric, Bosnia<br \/>\nand Herzegovina.<br \/>\n\u2013 18:08-18:18 A new approach to laparoscopic appendectomy-clipless\/sutureless Harmonicscalpel laparoscopic appendectomy. Zenon Pogorelic, Croatia.<br \/>\n\u2013 18:20-18:32 Acute cholecystitis \u2013 to drain or not to drain? Marek Soltes, Slovakia.<br \/>\n\u2013 18:34-18:44 Risk factors for the conversion of laparoscopic cholecystectomy in open surgery. Bakir Helic, Bosnia and Herzegovina.<br \/>\n\u2013 18:46-18:56 Early laparoscopic cholecystectomy before and during Covid-19 pandemic: strategy and outcomes. Zoran Matkovi\u0107, Milo\u0161 Stjepanovi\u0107, Jovica Mi\u0161i\u0107. Bosnia and Herzegovina.<br \/>\n\u2013 19:00-19:30 Discussion<\/p>\n<p>Hall 2<\/p>\n<p>PEDIATRIC SURGERY I<\/p>\n<p>Chairmen J\u00fcrgen Schleef, Zoran Bahtijartevi\u0107, Zenon Pogoreli\u0107<\/p>\n<p>\u2013 08:00-08:10 Pediatric endoscopic surgery \u2013 lessons learned in 30 years J\u00fcrgen Schleef, Italy.<br \/>\n\u2013 08:12-08:22 GERD -state of the art Zoran Bahtijarevi\u0107, Croatia.<br \/>\n\u2013 08:24-08:34 Laparascopic treatment of achalasia. Zoran Bahtijarevi\u0107, Croatia.<br \/>\n\u2013 08:36-08:46 The safety and effectiveness of laparoscopic pyloromyotomy for the treatment of hypertrophic pyloric stenosis in infants. Zenon Pogoreli\u0107, Croatia<br \/>\n\u2013 08:48-08-58 Laparascopic surgery in pediatric. Experience from a single center Emir Rahmanovi\u0107, Amir Halilbasi\u0107, Nesad Hoti\u0107, Edin Husari\u0107 , Elvira Konji\u0107, Sanimir Suljendi\u0107, Denis \u017digi\u0107, Bosnia and Herzegovina.<br \/>\n\u2013 09:00-09:10 Laparoscopic treatment of discontinuous type splenogonadal fusion- case report. Asmir Jonuzi, Zlatan Zvizdi\u0107, Nusret Popovi\u0107, Kenan Karavdi\u0107, Emir Mili\u0161i\u0107, Bosnia and Herzegovina.<br \/>\n\u2013 09:10-09:40 Discussion<\/p>\n<p>PEDIATRIC SURGERY II<\/p>\n<p>Chairmen: J\u00fcrgen Schleef, Emir Haxhija, Kenan Karavdi\u0107<\/p>\n<p>\u2013 09:40-09:50 Pediatric minimal invasive surgery \u2013 from basics to the future J.Schleef, Italy<br \/>\n\u2013 09:52-10:02 Laparoscopic-assisted pull-through for Hirschsprung\u2018s disease. Emir Haxhija, Austria.<br \/>\n\u2013 10:04-10:14 Laparoscopic cholecystectomy in children \u2013 experiences and results of the Clinic for Pediatric Surgery KCU Sarajevo. Nad\u017eida D\u017eiho, Kenan Karavdi\u0107, Bosnia and Herzegovina.<br \/>\n\u2013 10:16-10:26 Laparoscopic appendectomy \u2013 experiences of the Clinic for Pediatric Surgery KCU Sarajevo. Alena Firdus, Kenan Karavdi\u0107, Bosnia and Herzegovina.<br \/>\n\u2013 10:28-10:38 The use of Hem-o-lok clips for the closure of appendicular stumps in laparoscopic appendectomy Azur aki\u0107, Anhel Koluh, Amor Mulahalilovi\u0107, Bosnia and Herzegovina.<br \/>\n\u2013 10:40-10:50 Laparoscopy in the treatment of complicated pediatric appendicitis \u2013 dilemmas if they still exist. Kenan Karavdi\u0107, Bosnia and Herzegovina.<br \/>\n\u2013 10:52-11:02 Minimal invasive reparation of inguinal hernia in Children (PIRS) Experience from a single center. Emir Rahmanovi\u0107, Amir Halilba\u0161i\u0107 , Nesad Hoti\u0107 , Edin Husari\u0107, Elvira Konji\u0107, Sanimir Suljendi\u0107, Denis \u017digi\u0107, Bosnia and Herzegovina.<br \/>\n\u2013 11:02-11:32 Discussion<\/p>\n<p>CAFFE BREAK 12:00-12:30<\/p>\n<p>THORACIC ENDOSCOPIC SURGERY<\/p>\n<p>Chairmen: Alma Alihodzic-Pasalic, Alen Pilav.<\/p>\n<p>\u2013 12:30-12:40 The role of simulations in video-assisted thoracic surgery. Tomaz Stupnik, Slovenia.<br \/>\n\u2013 12:42-12:52 Analysis and prevention of major intraoperative complications during VATS surgery. Nebojsa Maric, Serbia.<br \/>\n\u2013 12:54-13:04 Endoluminal vacuum-assisted closure (Endo-VAC) of postoperative \u2013 esophageal fistulas. Boris Greif, Slovenia.<br \/>\n\u2013 13:06-13:16 VATS lung-sparing resection of the right main bronchus \u2013 report of two cases. Bogdan Vidmar, Slovenia<br \/>\n\u2013 13:18-13:28 Uniportal VATS approach in complex lung resection surgery. Marko Kantar, Bosnia and Herzegovina.<br \/>\n\u2013 13:30 -13:40 Surgical treatment of early-stage non-small lung cancer (NSLC). Milan Savic, Serbia<br \/>\n\u2013 13:42-13:52 Uniportal VATS lobectomy, from introduction to standard. Nermin Musanovic, Bosnia and Herzegovina.<br \/>\n\u2013 13:52-14:22 Discussion<\/p>\n<p>LUNCH BREAK 15:00-16:00<\/p>\n<p>HERNIA SURGERY<\/p>\n<p>Chairmen: Samir \u010custovic, Jovica Misic, Marek Soltes<\/p>\n<p>\u2013 16:00-16:10 &#8220;Tips of TEP&#8221;, Yujin Kwon, Korea<br \/>\n\u2013 16:12-16:14 &#8220;Tips of TAPP&#8221;, Amila Hasic, Bosna and Herzegovina<br \/>\n\u2013 16:16-16:26 Comparative analysis of TEP\/TAPP hernioplasty results. Radenko Koprivica, Sanjanin Peri\u0161i\u0107, Bogdan Miku-Deak, Slovenia.<br \/>\n\u2013 16:28-16:38 E-TEP in ventral and incisional hernia repair \u2013 our experiences. Bojan Radovanovic, Milan Mirkovic, Serbia.<br \/>\n\u2013 16:40-16:50 Laparoscopic hernia surgery international workshops program \u2013 experience after four years. Radenko Koprivica, Sanjanin Peri\u0161i\u0107 , Bogdan Miku-Deak, Slovenia.<br \/>\n\u2013 16:50-17:20 Discussion<\/p>\n<p>VIDEO PRESENTATION<\/p>\n<p>Chairmen: Elvir Besic, Igor Gavric, Dusan Lesko.<\/p>\n<p>\u2013 17:20-17:30 Laparoscopic Management of Cholecystogastric Fistula. Mehmet Sait Ozsoy, Dogac Demir, Medeni Sermet, Ozgur Ekinci, Orhan Alimoglu. Turkey.<br \/>\n\u2013 17:32-17:42 A Case of Spiegelian Hernia. Furkan Kilic, Cem Ilgin Erol, Hakan Baysal, Ismail Okan, Orhan Alimoglu. Turkey.<br \/>\n\u2013 17:52-18:02 Laparoscopic cholecystectomy for porcelain gallbladder. Marek Soltes, Slovakia.<br \/>\n\u2013 18:04-18:14 Laparoscopic Left Hemicolectomy. Alkurt Ertugrul Gazi ,Canal Kaan, Turkey.<br \/>\n\u2013 18:16-18:26 Laparoscopic Sleeve Gastrectomy Alkurt Ertugrul Gazi, Canal Kaan, Tutan M. Berksun, Sahin Fatih, Sahiner I. Tayfun, Ozer M. Tahir, Turkey.<br \/>\n\u2013 18:28-18:38 Laparoscopic approach pitfalls in treatment of epiphrenic \/pulsion\/ diverticula. Amir Ibukic, Croatia.<\/p>\n<p>\u2013 18:38-19:00 Discussion<\/p>\n<p>11 June 2022 Hall 1.<\/p>\n<p>PEDIATRIC THORACIC ENDOSCOPIC SURGERY<br \/>\nChairmen: Emir Haxhija, J\u00fcrgen Schleef, Ilijaz Pilav.<\/p>\n<p>\u2013 09:00-09:10 Thorascopic mini \u2013 invasive approach in pediatrics J\u00fcrgen Schleef, Trieste, Italy.<br \/>\n\u2013 09:12-09:14 Thoracoscopic treatment of pulmonary bullae Emir Haxhija Graz, Austria.<br \/>\n\u2013 09:16:-09:26 Minimally invasive modified Nuss procedure for repair of pectus excavatum in pediatric patients: Single-centre retrospective observational study. Miro Juki\u0107, Croatia.<br \/>\n\u2013 09:28-09:38 Anesthetic approach to a child with Late-Recognized Left Side Congenital Diaphragmatic hernia treated with VATS method. Amira Me\u0161i\u0107, Kenan Karavdi\u0107, Samir Muhovi\u0107, Asmir Jonuzi, Lejla Altumbabic, Verica Mi\u0161anovi\u0107, Ermina Sitni\u0107-Milanovi\u0107, Bosnia and Herzegovina.<br \/>\n\u2013 09:40-09:50 Uniport VATS metastasectomy of the right lower lung lobe. Orhan \u010custovi\u0107, Ilijaz Pilav, Kenan Karavdi\u0107, Bosnia and Herzegovina.<br \/>\n\u2013 09:50-10:20 Discussion<\/p>\n<p>PEDIATRIC ENDOSOCOPIC UROLOGY SESSION IV<br \/>\nChairmen: Kerem \u00d6zel, Predrag Ili\u0107, Josip Perkovi\u0107 (90 min)<\/p>\n<p>\u2013 10:20-10:30 Laparoscopic surgery in pediatric urology: Lessons learned during initial five years in a tertiary referral center&#8221;. Kerem \u00d6zel, Arzu Canmemi\u015f, Burhan Aksu, T\u00fcrkiye.<br \/>\n\u2013 10:32-10:42 Balloon dilatation as a treatment option for obstructive megaureter Predrag Ili\u0107, Serbia.<br \/>\n\u2013 10:44-10:54 Endoscopic urologic surgery in children: Common indications and outcome from \u2013 clinical perspective. Kerem \u00d6zel, Arzu Canmemi\u015f, T\u00fcrkiye.<br \/>\n\u2013 10:56-11:06 The role of (mini) Endoscopic Combined Intrarenal Surgery (ECIRS) in renal stones management. Josip Perkovi\u0107, Oliver Pavlovi\u0107, Croatia.<br \/>\n\u2013 11:08-11:18 Laser endoscopic lithotripsy \u2013 current surgical option for urolithiasis in children P.Ili\u0107, Serbia.<br \/>\n\u2013 11:20-11:30 Stage traction orchidopexy (Shehata procedure) in the treatment of non palpable testis \u2013 initial encouraging experiences. Kenan Karavdi\u0107, Bosnia and Herzegovina.<br \/>\n\u2013 11:30-12:00 Discussion<\/p>\n<p>CLOSING CEREMONY AND COFFEE BREAK 12:00-12:30<\/p>\n<p>\u2013 12:30-13:30 General Assembly of the AESBH<\/p>\n","protected":false},"excerpt":{"rendered":"<p>Final programm of II Congress of AESBH For download please  [&#8230;]<\/p>\n","protected":false},"author":1,"featured_media":0,"parent":20,"menu_order":0,"comment_status":"closed","ping_status":"closed","template":"","meta":{"footnotes":""},"class_list":["post-187","page","type-page","status-publish","hentry"],"_links":{"self":[{"href":"https:\/\/www.aesbh.org\/en\/wp-json\/wp\/v2\/pages\/187","targetHints":{"allow":["GET"]}}],"collection":[{"href":"https:\/\/www.aesbh.org\/en\/wp-json\/wp\/v2\/pages"}],"about":[{"href":"https:\/\/www.aesbh.org\/en\/wp-json\/wp\/v2\/types\/page"}],"author":[{"embeddable":true,"href":"https:\/\/www.aesbh.org\/en\/wp-json\/wp\/v2\/users\/1"}],"replies":[{"embeddable":true,"href":"https:\/\/www.aesbh.org\/en\/wp-json\/wp\/v2\/comments?post=187"}],"version-history":[{"count":2,"href":"https:\/\/www.aesbh.org\/en\/wp-json\/wp\/v2\/pages\/187\/revisions"}],"predecessor-version":[{"id":200,"href":"https:\/\/www.aesbh.org\/en\/wp-json\/wp\/v2\/pages\/187\/revisions\/200"}],"up":[{"embeddable":true,"href":"https:\/\/www.aesbh.org\/en\/wp-json\/wp\/v2\/pages\/20"}],"wp:attachment":[{"href":"https:\/\/www.aesbh.org\/en\/wp-json\/wp\/v2\/media?parent=187"}],"curies":[{"name":"wp","href":"https:\/\/api.w.org\/{rel}","templated":true}]}}