{"id":205,"date":"2023-03-20T21:04:41","date_gmt":"2023-03-20T20:04:41","guid":{"rendered":"https:\/\/www.aesbh.org\/en\/?page_id=205"},"modified":"2023-03-20T21:05:14","modified_gmt":"2023-03-20T20:05:14","slug":"books","status":"publish","type":"page","link":"https:\/\/www.aesbh.org\/en\/books\/","title":{"rendered":"Books"},"content":{"rendered":"<li> <a href=\"https:\/\/www.aesbh.org\/knjige\/preporuke-za-ishranu-i-fizicku-vjezbu-hirurskih-kirurskih-pacijenata\/\">Preporuke za ishranu i fizi\u010dku vje\u017ebu hirur\u0161kih\/kirur\u0161kih pacijenata<\/a> &#8211; B\/H\/S Language<br \/>\n","protected":false},"excerpt":{"rendered":"<p>Preporuke za ishranu i fizi\u010dku vje\u017ebu hirur\u0161kih\/kirur\u0161kih pacijenata &#8211; B\/H\/S  [&#8230;]<\/p>\n","protected":false},"author":1,"featured_media":0,"parent":0,"menu_order":0,"comment_status":"closed","ping_status":"closed","template":"","meta":{"footnotes":""},"class_list":["post-205","page","type-page","status-publish","hentry"],"_links":{"self":[{"href":"https:\/\/www.aesbh.org\/en\/wp-json\/wp\/v2\/pages\/205","targetHints":{"allow":["GET"]}}],"collection":[{"href":"https:\/\/www.aesbh.org\/en\/wp-json\/wp\/v2\/pages"}],"about":[{"href":"https:\/\/www.aesbh.org\/en\/wp-json\/wp\/v2\/types\/page"}],"author":[{"embeddable":true,"href":"https:\/\/www.aesbh.org\/en\/wp-json\/wp\/v2\/users\/1"}],"replies":[{"embeddable":true,"href":"https:\/\/www.aesbh.org\/en\/wp-json\/wp\/v2\/comments?post=205"}],"version-history":[{"count":1,"href":"https:\/\/www.aesbh.org\/en\/wp-json\/wp\/v2\/pages\/205\/revisions"}],"predecessor-version":[{"id":207,"href":"https:\/\/www.aesbh.org\/en\/wp-json\/wp\/v2\/pages\/205\/revisions\/207"}],"wp:attachment":[{"href":"https:\/\/www.aesbh.org\/en\/wp-json\/wp\/v2\/media?parent=205"}],"curies":[{"name":"wp","href":"https:\/\/api.w.org\/{rel}","templated":true}]}}